{"id":8481,"date":"2024-06-27T11:39:05","date_gmt":"2024-06-27T09:39:05","guid":{"rendered":"https:\/\/www.cavalairesurmer.fr\/?page_id=8481"},"modified":"2025-06-12T16:55:37","modified_gmt":"2025-06-12T14:55:37","slug":"casa-della-natura","status":"publish","type":"page","link":"https:\/\/www.cavalairesurmer.fr\/it\/vivere-lesperienza\/amici-dell-ambiente\/casa-della-natura\/","title":{"rendered":"Casa della Natura"},"content":{"rendered":"<p data-start=\"377\" data-end=\"561\">Immergetevi nel nuovo <strong data-start=\"401\" data-end=\"455\">programma di attivit\u00e0 da luglio a dicembre 2025<\/strong> presso la <strong data-start=\"461\" data-end=\"505\">Maison de la Nature a Cavalaire-sur-Mer<\/strong>, un luogo unico immerso nel cuore <strong data-start=\"539\" data-end=\"560\">del Massiccio dei Maures<\/strong>.<\/p>\n<p data-start=\"563\" data-end=\"720\">\ud83c\udf3f Che tu sia in <strong data-start=\"584\" data-end=\"595\">famiglia<\/strong>, con <strong data-start=\"603\" data-end=\"611\">gli amici<\/strong>, <strong data-start=\"616\" data-end=\"626\">in coppia<\/strong> o da solo, vieni a vivere <strong data-start=\"655\" data-end=\"685\">esperienze significative<\/strong> in un ambiente naturale e rilassante.<\/p>\n<p data-start=\"722\" data-end=\"966\">\ud83c\udfa8 <strong data-start=\"725\" data-end=\"746\">Laboratori creativi<\/strong>, \ud83c\udf31 <strong data-start=\"751\" data-end=\"772\">attivit\u00e0 naturalistiche<\/strong>, \ud83c\udfad <strong data-start=\"777\" data-end=\"803\">incontri culturali<\/strong>, \ud83d\udc63 <strong data-start=\"808\" data-end=\"827\">passeggiate guidate<\/strong>&#8230; Ogni attivit\u00e0 \u00e8 pensata per risvegliare i sensi, alimentare la curiosit\u00e0 e creare un legame intorno all&#8217;ambiente e alla scoperta. <\/p>\n<p data-start=\"968\" data-end=\"1163\">\u2728 La <strong data-start=\"973\" data-end=\"996\">Maison de la Nature<\/strong> \u00e8 una vera e propria oasi di pace dove <strong data-start=\"1041\" data-end=\"1058\">ricaricare le batterie<\/strong>, <strong data-start=\"1060\" data-end=\"1088\">sviluppare la propria creativit\u00e0<\/strong> e condividere momenti di <strong data-start=\"1116\" data-end=\"1124\">gioia<\/strong>, <strong data-start=\"1129\" data-end=\"1138\">sfida<\/strong> e <strong data-start=\"1144\" data-end=\"1162\">meraviglia<\/strong>.<\/p>\n<p data-start=\"1165\" data-end=\"1301\">\ud83d\udccd Il programma \u00e8 disponibile presso l&#8217;Ufficio del Turismo, la Mediateca, la reception del Municipio e, naturalmente, la Maison de la Nature.<\/p>\n","protected":false},"excerpt":{"rendered":"<p>Immergetevi nel nuovo programma di attivit\u00e0 da luglio a dicembre 2025 presso la Maison de la Nature a Cavalaire-sur-Mer, un luogo unico immerso nel cuore del Massiccio dei Maures. \ud83c\udf3f Che tu sia in famiglia, con gli amici, in coppia o da solo, vieni a vivere esperienze significative in un ambiente naturale e rilassante. \ud83c\udfa8 [&hellip;]<\/p>\n","protected":false},"author":46,"featured_media":8408,"parent":7602,"menu_order":0,"comment_status":"closed","ping_status":"closed","template":"","meta":{"_acf_changed":false,"_seopress_robots_primary_cat":"","_seopress_titles_title":"","_seopress_titles_desc":"","_seopress_robots_index":"","footnotes":""},"class_list":["post-8481","page","type-page","status-publish","has-post-thumbnail","hentry"],"acf":[],"_links":{"self":[{"href":"https:\/\/www.cavalairesurmer.fr\/it\/wp-json\/wp\/v2\/pages\/8481","targetHints":{"allow":["GET"]}}],"collection":[{"href":"https:\/\/www.cavalairesurmer.fr\/it\/wp-json\/wp\/v2\/pages"}],"about":[{"href":"https:\/\/www.cavalairesurmer.fr\/it\/wp-json\/wp\/v2\/types\/page"}],"author":[{"embeddable":true,"href":"https:\/\/www.cavalairesurmer.fr\/it\/wp-json\/wp\/v2\/users\/46"}],"replies":[{"embeddable":true,"href":"https:\/\/www.cavalairesurmer.fr\/it\/wp-json\/wp\/v2\/comments?post=8481"}],"version-history":[{"count":23,"href":"https:\/\/www.cavalairesurmer.fr\/it\/wp-json\/wp\/v2\/pages\/8481\/revisions"}],"predecessor-version":[{"id":10925,"href":"https:\/\/www.cavalairesurmer.fr\/it\/wp-json\/wp\/v2\/pages\/8481\/revisions\/10925"}],"up":[{"embeddable":true,"href":"https:\/\/www.cavalairesurmer.fr\/it\/wp-json\/wp\/v2\/pages\/7602"}],"wp:featuredmedia":[{"embeddable":true,"href":"https:\/\/www.cavalairesurmer.fr\/it\/wp-json\/wp\/v2\/media\/8408"}],"wp:attachment":[{"href":"https:\/\/www.cavalairesurmer.fr\/it\/wp-json\/wp\/v2\/media?parent=8481"}],"curies":[{"name":"wp","href":"https:\/\/api.w.org\/{rel}","templated":true}]}}