{"id":2454,"date":"2024-01-13T12:50:24","date_gmt":"2024-01-13T11:50:24","guid":{"rendered":"https:\/\/www.cavalairesurmer.fr\/inspirieren-sie-mich\/"},"modified":"2026-03-20T10:56:37","modified_gmt":"2026-03-20T09:56:37","slug":"inspieren-sie-mich","status":"publish","type":"page","link":"https:\/\/www.cavalairesurmer.fr\/de\/lassen-sie-sich-fuehren\/inspieren-sie-mich\/","title":{"rendered":"Inspirieren Sie mich"},"content":{"rendered":"","protected":false},"excerpt":{"rendered":"","protected":false},"author":42,"featured_media":4459,"parent":7183,"menu_order":0,"comment_status":"closed","ping_status":"closed","template":"","meta":{"_acf_changed":false,"_seopress_robots_primary_cat":"","_seopress_titles_title":"Ideen & Aktivit\u00e4ten in Cavalaire-sur-Mer","_seopress_titles_desc":"Erkunden Sie Cavalaire-sur-Mer mithilfe unserer Inspirationen: Str\u00e4nde, Natur, Sport, Kultur und unvergessliche Momente im Herzen der C\u00f4te d'Azur.","_seopress_robots_index":"","footnotes":""},"class_list":["post-2454","page","type-page","status-publish","has-post-thumbnail","hentry"],"acf":[],"_links":{"self":[{"href":"https:\/\/www.cavalairesurmer.fr\/de\/wp-json\/wp\/v2\/pages\/2454","targetHints":{"allow":["GET"]}}],"collection":[{"href":"https:\/\/www.cavalairesurmer.fr\/de\/wp-json\/wp\/v2\/pages"}],"about":[{"href":"https:\/\/www.cavalairesurmer.fr\/de\/wp-json\/wp\/v2\/types\/page"}],"author":[{"embeddable":true,"href":"https:\/\/www.cavalairesurmer.fr\/de\/wp-json\/wp\/v2\/users\/42"}],"replies":[{"embeddable":true,"href":"https:\/\/www.cavalairesurmer.fr\/de\/wp-json\/wp\/v2\/comments?post=2454"}],"version-history":[{"count":1,"href":"https:\/\/www.cavalairesurmer.fr\/de\/wp-json\/wp\/v2\/pages\/2454\/revisions"}],"predecessor-version":[{"id":2456,"href":"https:\/\/www.cavalairesurmer.fr\/de\/wp-json\/wp\/v2\/pages\/2454\/revisions\/2456"}],"up":[{"embeddable":true,"href":"https:\/\/www.cavalairesurmer.fr\/de\/wp-json\/wp\/v2\/pages\/7183"}],"wp:featuredmedia":[{"embeddable":true,"href":"https:\/\/www.cavalairesurmer.fr\/de\/wp-json\/wp\/v2\/media\/4459"}],"wp:attachment":[{"href":"https:\/\/www.cavalairesurmer.fr\/de\/wp-json\/wp\/v2\/media?parent=2454"}],"curies":[{"name":"wp","href":"https:\/\/api.w.org\/{rel}","templated":true}]}}