{"id":2440,"date":"2023-12-13T12:55:51","date_gmt":"2023-12-13T11:55:51","guid":{"rendered":"https:\/\/www.cavalairesurmer.fr\/destination-bonheur\/"},"modified":"2025-06-03T14:28:10","modified_gmt":"2025-06-03T12:28:10","slug":"nach-gluecksziel","status":"publish","type":"page","link":"https:\/\/www.cavalairesurmer.fr\/de\/","title":{"rendered":"Nach Gl\u00fccksziel"},"content":{"rendered":"","protected":false},"excerpt":{"rendered":"","protected":false},"author":42,"featured_media":0,"parent":0,"menu_order":0,"comment_status":"closed","ping_status":"closed","template":"","meta":{"_acf_changed":false,"_seopress_robots_primary_cat":"","_seopress_titles_title":"Cavalaire-sur-Mer: Str\u00e4nde, Natur und Mittelmeerstimmung","_seopress_titles_desc":"Cavalaire-sur-Mer, die Perle der C\u00f4te d'Azur: Str\u00e4nde, Wassersport, Wanderungen und unber\u00fchrte Natur f\u00fcr einen unvergesslichen Urlaub am Mittelmeer.","_seopress_robots_index":"","footnotes":""},"class_list":["post-2440","page","type-page","status-publish","hentry"],"acf":[],"_links":{"self":[{"href":"https:\/\/www.cavalairesurmer.fr\/de\/wp-json\/wp\/v2\/pages\/2440","targetHints":{"allow":["GET"]}}],"collection":[{"href":"https:\/\/www.cavalairesurmer.fr\/de\/wp-json\/wp\/v2\/pages"}],"about":[{"href":"https:\/\/www.cavalairesurmer.fr\/de\/wp-json\/wp\/v2\/types\/page"}],"author":[{"embeddable":true,"href":"https:\/\/www.cavalairesurmer.fr\/de\/wp-json\/wp\/v2\/users\/42"}],"replies":[{"embeddable":true,"href":"https:\/\/www.cavalairesurmer.fr\/de\/wp-json\/wp\/v2\/comments?post=2440"}],"version-history":[{"count":2,"href":"https:\/\/www.cavalairesurmer.fr\/de\/wp-json\/wp\/v2\/pages\/2440\/revisions"}],"predecessor-version":[{"id":2715,"href":"https:\/\/www.cavalairesurmer.fr\/de\/wp-json\/wp\/v2\/pages\/2440\/revisions\/2715"}],"wp:attachment":[{"href":"https:\/\/www.cavalairesurmer.fr\/de\/wp-json\/wp\/v2\/media?parent=2440"}],"curies":[{"name":"wp","href":"https:\/\/api.w.org\/{rel}","templated":true}]}}